{"id":1132,"date":"2015-06-29T23:01:13","date_gmt":"2015-06-29T23:01:13","guid":{"rendered":"http:\/\/www.faberrom.ro\/news\/"},"modified":"2017-11-09T06:05:57","modified_gmt":"2017-11-09T06:05:57","slug":"news","status":"publish","type":"page","link":"https:\/\/www.faberrom.ro\/de\/news\/","title":{"rendered":"News"},"content":{"rendered":"<div class=\"fusion-fullwidth fullwidth-box fusion-builder-row-1 hundred-percent-fullwidth non-hundred-percent-height-scrolling\" style=\"--awb-border-radius-top-left:0px;--awb-border-radius-top-right:0px;--awb-border-radius-bottom-right:0px;--awb-border-radius-bottom-left:0px;--awb-padding-top:0px;--awb-padding-right:9%;--awb-padding-bottom:0px;--awb-padding-left:9%;--awb-flex-wrap:wrap;\" ><div class=\"fusion-builder-row fusion-row\"><div class=\"fusion-layout-column fusion_builder_column fusion-builder-column-0 fusion_builder_column_1_1 1_1 fusion-one-full fusion-column-first fusion-column-last fusion-column-no-min-height\" style=\"--awb-bg-size:cover;\"><div class=\"fusion-column-wrapper fusion-flex-column-wrapper-legacy\"><div class=\"fusion-blog-shortcode fusion-blog-shortcode-1 fusion-blog-archive fusion-blog-layout-medium fusion-blog-pagination\"><div class=\"fusion-posts-container fusion-posts-container-pagination fusion-blog-rollover\" data-pages=\"1\"><article id=\"blog-1-post-1262\" class=\"fusion-post-medium post-1262 post type-post status-publish format-standard has-post-thumbnail hentry category-unkategorisiert\">\n\t<style type=\"text\/css\">\n\t\t\n\t\t\n\t\t\n\t\t\n\t\t\t<\/style>\n\n\n\t\t\t<div class=\"fusion-flexslider flexslider fusion-flexslider-loading fusion-post-slideshow\" style=\"\">\n\t\t<ul class=\"slides\">\n\t\t\t\n\t\t\t\t\t\t\t\t\t\t\t\t\t\t<li><div  class=\"fusion-image-wrapper fusion-image-size-fixed\" aria-haspopup=\"true\">\n\t\t\t\t<img decoding=\"async\" width=\"320\" height=\"202\" src=\"https:\/\/www.faberrom.ro\/wp-content\/uploads\/2015\/06\/poza-ziua-portilor-deschise-320x202.jpg\" class=\"attachment-blog-medium size-blog-medium wp-post-image\" alt=\"\" srcset=\"https:\/\/www.faberrom.ro\/wp-content\/uploads\/2015\/06\/poza-ziua-portilor-deschise-320x202.jpg 320w, https:\/\/www.faberrom.ro\/wp-content\/uploads\/2015\/06\/poza-ziua-portilor-deschise-700x441.jpg 700w\" sizes=\"(max-width: 320px) 100vw, 320px\" \/><div class=\"fusion-rollover\">\n\t<div class=\"fusion-rollover-content\">\n\n\t\t\t\t\t\t\t\t\t\t\t\t\t\t<a class=\"fusion-rollover-link\" href=\"https:\/\/www.faberrom.ro\/de\/ziua-portilor-deschise-faberrom\/\">Ziua por\u021bilor deschise &#8211; Faberrom<\/a>\n\t\t\t\n\t\t\t\t\t\t\t\t\t\t\t\t\t\t\n\t\t\t\t\t\t\t\t\n\t\t\t\t\t\t\t\t\t\t\t\t\t<div class=\"fusion-rollover-sep\"><\/div>\n\t\t\t\t\n\t\t\t\t\t\t\t\t\t\t\t\t\t\t\t\t\t\t<a class=\"fusion-rollover-gallery\" href=\"https:\/\/www.faberrom.ro\/wp-content\/uploads\/2015\/06\/poza-ziua-portilor-deschise.jpg\" data-options=\"\" data-id=\"1262\" data-rel=\"iLightbox[gallery]\" data-title=\"poza-ziua-portilor-deschise\" data-caption=\"\">\n\t\t\t\t\t\tGallery\t\t\t\t\t<\/a>\n\t\t\t\t\t\t\t\t\t\t\t\t\t\t\n\t\t\n\t\t\t\t\t\t\t\t\t\t\t\t<h4 class=\"fusion-rollover-title\">\n\t\t\t\t\t<a class=\"fusion-rollover-title-link\" href=\"https:\/\/www.faberrom.ro\/de\/ziua-portilor-deschise-faberrom\/\">\n\t\t\t\t\t\tZiua por\u021bilor deschise &#8211; Faberrom\t\t\t\t\t<\/a>\n\t\t\t\t<\/h4>\n\t\t\t\n\t\t\t\t\t\t\t\t\n\t\t\n\t\t\t\t\t\t<a class=\"fusion-link-wrapper\" href=\"https:\/\/www.faberrom.ro\/de\/ziua-portilor-deschise-faberrom\/\" aria-label=\"Ziua por\u021bilor deschise &#8211; Faberrom\"><\/a>\n\t<\/div>\n<\/div>\n<\/div>\n<\/li>\n\t\t\t\n\t\t\t\n\t\t\t\t\t\t\t\t\t\t\t\t\t\t\t\t\t\t\t\t\t\t\t\t\t\t\t\t\t\t\t\t\t\t\t\t\t\t\t\t\t\t\t\t\t\t\t\t\t\t\t\t\t\t\t\t\t\t\t\t\t\t\t\t\t\t\t\t<\/ul>\n\t<\/div>\n\t<div class=\"fusion-post-content post-content\"><h2 class=\"blog-shortcode-post-title entry-title\"><a href=\"https:\/\/www.faberrom.ro\/de\/ziua-portilor-deschise-faberrom\/\">Ziua por\u021bilor deschise &#8211; Faberrom<\/a><\/h2><div class=\"fusion-post-content-container\"><p> Draga partener \u0219i prieten, \u00a0 Te invit\u0103m pe data de 17.04.2017 \u00eentre orele 10 \u0219i 16 s\u0103 fii al\u0103turi de noi la Ziua Por\u021bilor Deschise Faberrom. Ne face mare pl\u0103cere s\u0103 te avem al\u0103turi [...]<\/p><\/div><\/div><div class=\"fusion-clearfix\"><\/div><div class=\"fusion-meta-info\"><div class=\"fusion-alignleft\"><span class=\"vcard\" style=\"display: none;\"><span class=\"fn\"><a href=\"https:\/\/www.faberrom.ro\/de\/author\/daniela-cernea\/\" title=\"Beitr\u00e4ge von Cernea Daniela\" rel=\"author\">Cernea Daniela<\/a><\/span><\/span><span class=\"updated\" style=\"display:none;\">2017-11-09T07:45:30+00:00<\/span><span>November 9th, 2017<\/span><span class=\"fusion-inline-sep\">|<\/span><span class=\"fusion-comments\"><a href=\"https:\/\/www.faberrom.ro\/de\/ziua-portilor-deschise-faberrom\/#respond\">0 Comments<\/a><\/span><\/div><div class=\"fusion-alignright\"><a class=\"fusion-read-more\" href=\"https:\/\/www.faberrom.ro\/de\/ziua-portilor-deschise-faberrom\/\" aria-label=\"More on Ziua por\u021bilor deschise &#8211; Faberrom\">Read More<\/a><\/div><\/div><\/article>\n<\/div><\/div><div class=\"fusion-sep-clear\"><\/div><div class=\"fusion-separator fusion-full-width-sep\" style=\"margin-left: auto;margin-right: auto;margin-top:20px;margin-bottom:20px;width:100%;\"><\/div><div class=\"fusion-sep-clear\"><\/div><div class=\"fusion-clearfix\"><\/div><\/div><\/div><\/div><\/div>\n","protected":false},"excerpt":{"rendered":"","protected":false},"author":2,"featured_media":0,"parent":0,"menu_order":0,"comment_status":"closed","ping_status":"open","template":"","meta":{"footnotes":""},"class_list":["post-1132","page","type-page","status-publish","hentry"],"_links":{"self":[{"href":"https:\/\/www.faberrom.ro\/de\/wp-json\/wp\/v2\/pages\/1132","targetHints":{"allow":["GET"]}}],"collection":[{"href":"https:\/\/www.faberrom.ro\/de\/wp-json\/wp\/v2\/pages"}],"about":[{"href":"https:\/\/www.faberrom.ro\/de\/wp-json\/wp\/v2\/types\/page"}],"author":[{"embeddable":true,"href":"https:\/\/www.faberrom.ro\/de\/wp-json\/wp\/v2\/users\/2"}],"replies":[{"embeddable":true,"href":"https:\/\/www.faberrom.ro\/de\/wp-json\/wp\/v2\/comments?post=1132"}],"version-history":[{"count":1,"href":"https:\/\/www.faberrom.ro\/de\/wp-json\/wp\/v2\/pages\/1132\/revisions"}],"predecessor-version":[{"id":1147,"href":"https:\/\/www.faberrom.ro\/de\/wp-json\/wp\/v2\/pages\/1132\/revisions\/1147"}],"wp:attachment":[{"href":"https:\/\/www.faberrom.ro\/de\/wp-json\/wp\/v2\/media?parent=1132"}],"curies":[{"name":"wp","href":"https:\/\/api.w.org\/{rel}","templated":true}]}}